{"id":498,"date":"2025-11-29T15:27:22","date_gmt":"2025-11-29T15:27:22","guid":{"rendered":"https:\/\/radiologie-hermagor.at\/?page_id=498"},"modified":"2025-11-29T15:27:22","modified_gmt":"2025-11-29T15:27:22","slug":"impressum1","status":"publish","type":"page","link":"https:\/\/radiologie-hermagor.at\/?page_id=498","title":{"rendered":"Impressum1"},"content":{"rendered":"<div id=\"sp-page\" class=\"spBgrepeat sp-content-4\" style=\"background-color: rgb(255, 255, 255); background-image: url('https:\/\/assets.seedprod.com\/1824-nxgNs10HlfrSP7FC.jpg'); font-family: Lato, sans-serif; font-weight: 400;\">\n<section id=\"sp-ks8a8s\" data-mobile-visibility=\"#sp-ks8a8s|false\" data-tablet-visibility=\"#sp-ks8a8s|false\" data-desktop-visibility=\"#sp-ks8a8s|false\" data-mobile-css=\"\" data-tablet-css=\"\" class=\"sp-el-section \" style=\"background-color: rgba(158, 141, 133, 0.85); width: 860px; max-width: 100%; padding: 10px; border-radius: 10px;\">\n<div id=\"sp-vw3kvy\" data-mobile-visibility=\"#sp-vw3kvy|false\" data-tablet-visibility=\"#sp-vw3kvy|false\" data-desktop-visibility=\"#sp-vw3kvy|false\" data-mobile-css=\"\" data-tablet-css=\"\" class=\"sp-el-row sp-w-full  sp-m-auto sm:sp-flex sp-justify-between\" style=\"padding: 0px; width: auto; max-width: 1000px;\">\n<div id=\"sp-ovbx1s\" data-mobile-visibility=\"#sp-ovbx1s|false\" data-tablet-visibility=\"#sp-ovbx1s|false\" data-desktop-visibility=\"#sp-ovbx1s|false\" data-mobile-css=\"\" data-tablet-css=\"\" class=\"sp-el-col  sp-w-full\" style=\"width: calc(100% + 0px);\">\n<div id=\"sp-niijfv\" data-mobile-css=\"#sp-niijfv|height:40px;\" data-tablet-css=\"#sp-niijfv|height:10px;\" class=\"sp-spacer\" style=\"height: 12px;\"><\/div>\n<div id=\"sp-u7fwy6\" data-mobile-visibility=\".sp-custom-html-block-u7fwy6|false\" data-tablet-visibility=\".sp-custom-html-block-u7fwy6|false\" data-desktop-visibility=\".sp-custom-html-block-u7fwy6|false\" data-mobile-css=\"\" data-tablet-css=\"\" class=\"sp-code-wrapper sp-el-block sp-custom-html-block-u7fwy6\" style=\"margin: 0px;\">\n<div class=\"sp-html sp-html-code\">\n<h2>Impressum<\/h2>\n<p><strong>F\u00fcr den Inhalt verantwortlich:<br \/>\n<\/strong><\/p>\n<p>Offenlegung gem\u00e4\u00df \u00a7 25 Mediengesetz und Information gem\u00e4\u00df \u00a7 5 E-Commerce-Gesetz (ECG):<\/p>\n<p><\/p>\n<p>\n    <strong>Dr. Mindaugas Ziurlys<\/strong><br \/>\n    G\u00f6sseringl\u00e4nde 7<br \/>\n    9629 Hermagor<\/p>\n<p>   Tel.: <a href=\"tel:+43428225210\">+43 4282 25210<\/a><br \/>\n    Fax: +43 4282 252105<br \/>\n    E-Mail: <a href=\"mailto:ordination@radiologie-hermagor.at\">ordination@radiologie-hermagor.at<\/a><br \/>\n    Homepage: <a href=\"https:\/\/www.radiologie-hermagor.at\" target=\"_blank\" rel=\"noopener\">www.radiologie-hermagor.at<\/a>\n<\/p>\n<p>\n    <strong>Mitglied der \u00c4rztekammer f\u00fcr K\u00e4rnten<\/strong><br \/>\n    Berufsbezeichnung: Facharzt f\u00fcr Radiologie (verliehen in \u00d6sterreich)<br \/>\n    T\u00e4tigkeit unterliegt dem \u00c4rztegesetz 1998<br \/>\n    (abrufbar unter <a href=\"https:\/\/www.ris.bka.gv.at\/GeltendeFassung.wxe?Abfrage=Bundesnormen&amp;Gesetzesnummer=10011138\" target=\"_blank\" rel=\"noopener\">www.ris.bka.gv.at &#8211; \u00c4rztegesetz 1998<\/a>)\n<\/p>\n<hr>\n<h3>Rechtliche Hinweise (Disclaimer)<\/h3>\n<h4>Haftung f\u00fcr Inhalte<\/h4>\n<p>\n    Die Inhalte dieser Website werden mit gr\u00f6\u00dftm\u00f6glicher Sorgfalt erstellt. Als Diensteanbieter sind wir f\u00fcr eigene Inhalte auf diesen Seiten nach den allgemeinen Gesetzen verantwortlich. Wir \u00fcbernehmen jedoch keine Gew\u00e4hr f\u00fcr die Richtigkeit, Vollst\u00e4ndigkeit und Aktualit\u00e4t der bereitgestellten Inhalte. Die Nutzung der Inhalte der Website erfolgt auf eigene Gefahr des Nutzers.\n<\/p>\n<h4>Haftung f\u00fcr Links<\/h4>\n<p>\n    Unser Angebot enth\u00e4lt Links zu externen Websites Dritter, auf deren Inhalte wir keinen Einfluss haben. Deshalb k\u00f6nnen wir f\u00fcr diese fremden Inhalte auch keine Gew\u00e4hr \u00fcbernehmen. F\u00fcr die Inhalte der verlinkten Seiten ist stets der jeweilige Anbieter oder Betreiber der Seiten verantwortlich. Bei Bekanntwerden von Rechtsverletzungen werden wir derartige Links umgehend entfernen.\n<\/p>\n<h4>Urheberrecht<\/h4>\n<p>\n    Die durch die Seitenbetreiber erstellten Inhalte und Werke auf diesen Seiten unterliegen dem \u00f6sterreichischen Urheberrecht. Die Vervielf\u00e4ltigung, Bearbeitung, Verbreitung und jede Art der Verwertung au\u00dferhalb der Grenzen des Urheberrechtes bed\u00fcrfen der schriftlichen Zustimmung des jeweiligen Autors bzw. Erstellers. Downloads und Kopien dieser Seite sind nur f\u00fcr den privaten, nicht kommerziellen Gebrauch gestattet.\n<\/p>\n<h4>Datenschutz<\/h4>\n<p>\n    Detaillierte Informationen zum Umgang mit Nutzerdaten finden Sie in unserer <a href=\"\/datenschutz\/\">Datenschutzerkl\u00e4rung<\/a>.\n<\/p>\n<\/div>\n<\/div>\n<div id=\"sp-d4et4f\" data-mobile-css=\"#sp-d4et4f|height:40px;\" data-tablet-css=\"#sp-d4et4f|height:10px;\" class=\"sp-spacer\" style=\"height: 60px;\"><\/div>\n<div id=\"sp-qkrns1\" data-mobile-css=\"#sp-qkrns1|height:40px;\" data-tablet-css=\"#sp-qkrns1|height:10px;\" class=\"sp-spacer\" style=\"height: 12px;\"><\/div>\n<\/div>\n<\/div>\n<\/section>\n<\/div>\n","protected":false},"excerpt":{"rendered":"<p>Impressum F\u00fcr den Inhalt verantwortlich: Offenlegung gem\u00e4\u00df \u00a7 25 Mediengesetz und Information gem\u00e4\u00df \u00a7 5 E-Commerce-Gesetz (ECG): Dr. Mindaugas Ziurlys G\u00f6sseringl\u00e4nde 7 9629 Hermagor Tel.: +43 4282 25210 Fax: +43 4282 252105 E-Mail: ordination@radiologie-hermagor.at Homepage: www.radiologie-hermagor.at Mitglied der \u00c4rztekammer f\u00fcr K\u00e4rnten Berufsbezeichnung: Facharzt f\u00fcr Radiologie (verliehen in \u00d6sterreich) T\u00e4tigkeit unterliegt dem \u00c4rztegesetz 1998 (abrufbar unter [&hellip;]<\/p>\n","protected":false},"author":1,"featured_media":0,"parent":0,"menu_order":0,"comment_status":"closed","ping_status":"closed","template":"","meta":{"footnotes":""},"class_list":["post-498","page","type-page","status-publish","hentry"],"_links":{"self":[{"href":"https:\/\/radiologie-hermagor.at\/index.php?rest_route=\/wp\/v2\/pages\/498","targetHints":{"allow":["GET"]}}],"collection":[{"href":"https:\/\/radiologie-hermagor.at\/index.php?rest_route=\/wp\/v2\/pages"}],"about":[{"href":"https:\/\/radiologie-hermagor.at\/index.php?rest_route=\/wp\/v2\/types\/page"}],"author":[{"embeddable":true,"href":"https:\/\/radiologie-hermagor.at\/index.php?rest_route=\/wp\/v2\/users\/1"}],"replies":[{"embeddable":true,"href":"https:\/\/radiologie-hermagor.at\/index.php?rest_route=%2Fwp%2Fv2%2Fcomments&post=498"}],"version-history":[{"count":3,"href":"https:\/\/radiologie-hermagor.at\/index.php?rest_route=\/wp\/v2\/pages\/498\/revisions"}],"predecessor-version":[{"id":503,"href":"https:\/\/radiologie-hermagor.at\/index.php?rest_route=\/wp\/v2\/pages\/498\/revisions\/503"}],"wp:attachment":[{"href":"https:\/\/radiologie-hermagor.at\/index.php?rest_route=%2Fwp%2Fv2%2Fmedia&parent=498"}],"curies":[{"name":"wp","href":"https:\/\/api.w.org\/{rel}","templated":true}]}}