{"id":496,"date":"2025-11-29T15:15:45","date_gmt":"2025-11-29T15:15:45","guid":{"rendered":"https:\/\/radiologie-hermagor.at\/?page_id=496"},"modified":"2025-11-29T15:15:45","modified_gmt":"2025-11-29T15:15:45","slug":"datenschutz1","status":"publish","type":"page","link":"https:\/\/radiologie-hermagor.at\/?page_id=496","title":{"rendered":"Datenschutz"},"content":{"rendered":"<div id=\"sp-page\" class=\"spBgrepeat sp-content-4\" style=\"background-color: rgb(255, 255, 255); background-image: url('https:\/\/assets.seedprod.com\/1824-nxgNs10HlfrSP7FC.jpg'); font-family: Lato, sans-serif; font-weight: 400;\">\n<section id=\"sp-ks8a8s\" data-mobile-visibility=\"#sp-ks8a8s|false\" data-tablet-visibility=\"#sp-ks8a8s|false\" data-desktop-visibility=\"#sp-ks8a8s|false\" data-mobile-css=\"\" data-tablet-css=\"\" class=\"sp-el-section \" style=\"background-color: rgba(158, 141, 133, 0.85); width: 490px; max-width: 100%; padding: 10px; border-radius: 10px;\">\n<div id=\"sp-vw3kvy\" data-mobile-visibility=\"#sp-vw3kvy|false\" data-tablet-visibility=\"#sp-vw3kvy|false\" data-desktop-visibility=\"#sp-vw3kvy|false\" data-mobile-css=\"\" data-tablet-css=\"\" class=\"sp-el-row sp-w-full  sp-m-auto sm:sp-flex sp-justify-between\" style=\"padding: 0px; width: auto; max-width: 1000px;\">\n<div id=\"sp-ovbx1s\" data-mobile-visibility=\"#sp-ovbx1s|false\" data-tablet-visibility=\"#sp-ovbx1s|false\" data-desktop-visibility=\"#sp-ovbx1s|false\" data-mobile-css=\"\" data-tablet-css=\"\" class=\"sp-el-col  sp-w-full\" style=\"width: calc(100% + 0px);\">\n<div id=\"sp-niijfv\" data-mobile-css=\"#sp-niijfv|height:40px;\" data-tablet-css=\"#sp-niijfv|height:10px;\" class=\"sp-spacer\" style=\"height: 12px;\"><\/div>\n<div id=\"sp-d0xwni\" data-mobile-visibility=\".sp-custom-html-block-d0xwni|false\" data-tablet-visibility=\".sp-custom-html-block-d0xwni|false\" data-desktop-visibility=\".sp-custom-html-block-d0xwni|false\" data-mobile-css=\"\" data-tablet-css=\"\" class=\"sp-code-wrapper sp-el-block sp-custom-html-block-d0xwni\" style=\"margin: 0px;\">\n<div class=\"sp-html sp-html-code\">\n<h2>Datenschutzerkl\u00e4rung<\/h2>\n<h3>1. F\u00fcr den Inhalt verantwortlich (Verantwortlicher)<\/h3>\n<p>\n    <strong>Dr. Mindaugas Ziurlys<\/strong><br \/>\n    G\u00f6sseringl\u00e4nde 7<br \/>\n    9629 Hermagor<br \/>\n    Tel.: <a href=\"tel:+43428225210\">+43 4282 25210<\/a><br \/>\n    Fax: +43 4282 252105<br \/>\n    E-Mail: <a href=\"mailto:ordination@radiologie-hermagor.at\">ordination@radiologie-hermagor.at<\/a><br \/>\n    Homepage: <a href=\"https:\/\/www.radiologie-hermagor.at\" target=\"_blank\" rel=\"noopener\">www.radiologie-hermagor.at<\/a>\n<\/p>\n<p>\n    Mitglied der \u00c4rztekammer f\u00fcr K\u00e4rnten<br \/>\n    Berufsbezeichnung: Facharzt f\u00fcr Radiologie (verliehen in \u00d6sterreich)<br \/>\n    T\u00e4tigkeit unterliegt dem \u00c4rztegesetz 1998 (siehe <a href=\"https:\/\/www.ris.bka.gv.at\/bundesrecht\" target=\"_blank\" rel=\"noopener\">www.ris.bka.gv.at\/bundesrecht<\/a>)\n<\/p>\n<hr>\n<h3>2. Allgemeines zur Datenverarbeitung<\/h3>\n<p>\n    Der Schutz Ihrer pers\u00f6nlichen Daten ist uns ein besonderes Anliegen. Wir verarbeiten Ihre Daten daher ausschlie\u00dflich auf Grundlage der gesetzlichen Bestimmungen (DSGVO, TKG 2021, \u00c4rzteG, KAKuG).\n<\/p>\n<p><strong>Rechtsgrundlagen der Verarbeitung:<\/strong><\/p>\n<ul>\n<li><strong>Einwilligung (Art. 6 Abs. 1 lit. a DSGVO):<\/strong> Wenn Sie uns eine Einwilligung erteilt haben (z.B. f\u00fcr Cookies, Kontaktformular), erfolgt die Verarbeitung nur zu den festgelegten Zwecken. Ein Widerruf ist jederzeit m\u00f6glich.<\/li>\n<li><strong>Vertragserf\u00fcllung (Art. 6 Abs. 1 lit. b DSGVO):<\/strong> Die Verarbeitung ist f\u00fcr die Durchf\u00fchrung des Behandlungsvertrages und \u00e4rztlicher Leistungen erforderlich.<\/li>\n<li><strong>Rechtliche Verpflichtung (Art. 6 Abs. 1 lit. c DSGVO):<\/strong> Wir unterliegen diversen gesetzlichen Pflichten (z.B. Dokumentationspflicht nach \u00c4rzteG, Steuerrecht, Sozialversicherungsrecht).<\/li>\n<li><strong>Berechtigtes Interesse (Art. 6 Abs. 1 lit. f DSGVO):<\/strong> Zur Wahrung unserer Interessen (z.B. Sicherheit der Website, Abwehr von Rechtsanspr\u00fcchen, Video\u00fcberwachung in gekennzeichneten Bereichen).<\/li>\n<\/ul>\n<h3>3. Verarbeitung von Gesundheits- und Patientendaten<\/h3>\n<p>\n    Als medizinische Einrichtung verarbeiten wir besondere Kategorien personenbezogener Daten (Gesundheitsdaten, Art. 9 DSGVO). Dazu geh\u00f6ren unter anderem:\n<\/p>\n<ul>\n<li>Stammdaten (Name, SV-Nummer, Adresse, Kontaktdaten)<\/li>\n<li>Anamnesedaten, Diagnosen, Befunde<\/li>\n<li>Bilddaten (R\u00f6ntgen, Ultraschall, etc.)<\/li>\n<li>Zuweisungsdaten und Daten zur Abrechnung mit Krankenkassen<\/li>\n<\/ul>\n<p><strong>Empf\u00e4nger der Daten:<\/strong><br \/>\nIhre Daten werden nur weitergegeben, wenn dies gesetzlich vorgeschrieben ist oder f\u00fcr die Behandlung notwendig ist. M\u00f6gliche Empf\u00e4nger sind:<\/p>\n<ul>\n<li>Sozialversicherungstr\u00e4ger und Kassen<\/li>\n<li>Zuweisende \u00c4rzte und weiterbehandelnde Einrichtungen (Krankenh\u00e4user)<\/li>\n<li>Steuerberater und verrechnungsrelevante Stellen<\/li>\n<li>Auftragsverarbeiter (IT-Dienstleister, Labor), die vertraglich zur Verschwiegenheit und Datensicherheit verpflichtet sind.<\/li>\n<\/ul>\n<h3>4. Speicherdauer<\/h3>\n<p>\n    Wir speichern Ihre Daten f\u00fcr die Dauer der gesamten Gesch\u00e4ftsbeziehung sowie dar\u00fcber hinaus gem\u00e4\u00df den gesetzlichen Aufbewahrungs- und Dokumentationspflichten.\n<\/p>\n<ul>\n<li><strong>\u00c4rztliche Dokumentation:<\/strong> Mindestens 10 Jahre (gem\u00e4\u00df \u00a7 51 \u00c4rzteG).<\/li>\n<li><strong>R\u00f6ntgenbilder\/Strahlenschutz:<\/strong> In der Regel mindestens 10 Jahre, teilweise bis zu 30 Jahre.<\/li>\n<li><strong>Steuerrechtliche Unterlagen:<\/strong> 7 Jahre.<\/li>\n<li><strong>Zivilrechtliche Verj\u00e4hrungsfristen:<\/strong> Bis zu 30 Jahre (zur Beweissicherung bei Schadensersatzanspr\u00fcchen).<\/li>\n<\/ul>\n<h3>5. Server-Logfiles &amp; Hosting<\/h3>\n<p>\n    Beim Besuch unserer Website erhebt der Provider der Website (Hoster) automatisch Informationen, die Ihr Browser \u00fcbermittelt, und speichert diese in sogenannten Server-Logfiles. Dies sind:\n<\/p>\n<ul>\n<li>Browsertyp und Browserversion<\/li>\n<li>Verwendetes Betriebssystem<\/li>\n<li>Referrer URL (die zuvor besuchte Seite)<\/li>\n<li>Hostname des zugreifenden Rechners<\/li>\n<li>Uhrzeit der Serveranfrage<\/li>\n<li>IP-Adresse<\/li>\n<\/ul>\n<p>\n    Diese Daten werden nicht mit anderen Datenquellen zusammengef\u00fchrt. Die Verarbeitung erfolgt gem\u00e4\u00df Art. 6 Abs. 1 lit. f DSGVO auf Basis unseres berechtigten Interesses an der technisch fehlerfreien Darstellung und der Sicherheit unserer Website.\n<\/p>\n<h3>6. Cookies &amp; Web-Analyse<\/h3>\n<p>\n    Unsere Website verwendet Cookies. Das sind kleine Textdateien, die auf Ihrem Endger\u00e4t abgelegt werden.\n<\/p>\n<ul>\n<li><strong>Technisch notwendige Cookies:<\/strong> Diese sind f\u00fcr den Betrieb der Seite erforderlich. Hierf\u00fcr ben\u00f6tigen wir keine Einwilligung.<\/li>\n<li><strong>Analyse- &amp; Marketing-Cookies (z.B. Google Analytics):<\/strong> Diese Cookies werden <strong>nur mit Ihrer ausdr\u00fccklichen Einwilligung<\/strong> (\u00fcber unseren Cookie-Banner\/Consent-Manager) gesetzt. Rechtsgrundlage ist Art. 6 Abs. 1 lit. a DSGVO i.V.m. \u00a7 165 Abs. 3 TKG 2021.<\/li>\n<\/ul>\n<h4>Google Analytics<\/h4>\n<p>\n    Sofern Sie eingewilligt haben, nutzen wir Google Analytics, einen Webanalysedienst der Google Ireland Limited. Google verarbeitet Daten zur Websitenutzung teils auch in den USA.<br \/>\n    Die USA verf\u00fcgen \u00fcber kein der EU gleichwertiges Datenschutzniveau. Google ist jedoch unter dem <strong>EU-US Data Privacy Framework<\/strong> zertifiziert, wodurch ein angemessenes Datenschutzniveau f\u00fcr die Daten\u00fcbermittlung sichergestellt wird.<br \/>\n    Wir nutzen die Funktion &#8222;IP-Anonymisierung&#8220;: Ihre IP-Adresse wird von Google innerhalb der EU\/EWR gek\u00fcrzt.\n<\/p>\n<p>\n    Sie k\u00f6nnen Ihre Einwilligung jederzeit widerrufen, indem Sie die Cookie-Einstellungen auf unserer Website aufrufen.\n<\/p>\n<h4>Google Maps<\/h4>\n<p>\n    Wir binden Landkarten des Dienstes &#8222;Google Maps&#8220; ein (Anbieter: Google Ireland Limited).<br \/>\n    Bei der Nutzung von Google Maps werden Daten (wie Ihre IP-Adresse) an Google \u00fcbertragen. Dies erfolgt nur, wenn Sie der Nutzung (z.B. im Cookie-Banner oder durch Klick auf die Karte) zugestimmt haben (<strong>Einwilligung<\/strong> gem. Art. 6 Abs. 1 lit. a DSGVO).\n<\/p>\n<h4>reCAPTCHA<\/h4>\n<p>\n    Zum Schutz unserer Formulare nutzen wir Google reCAPTCHA. Die Abfrage dient der Unterscheidung, ob die Eingabe durch einen Menschen oder missbr\u00e4uchlich durch automatisierte Verarbeitung erfolgt. Die Verarbeitung erfolgt auf Basis unseres berechtigten Interesses an der Sicherheit unserer Website (Art. 6 Abs. 1 lit. f DSGVO).\n<\/p>\n<h3>7. Ihre Rechte<\/h3>\n<p>\n    Ihnen stehen bez\u00fcglich Ihrer bei uns gespeicherten Daten grunds\u00e4tzlich die Rechte auf Auskunft, Berichtigung, L\u00f6schung, Einschr\u00e4nkung, Daten\u00fcbertragbarkeit, Widerruf und Widerspruch zu.<br \/>\n    Wenn Sie glauben, dass die Verarbeitung Ihrer Daten gegen das Datenschutzrecht verst\u00f6\u00dft oder Ihre datenschutzrechtlichen Anspr\u00fcche verletzt worden sind, k\u00f6nnen Sie sich bei uns oder der Datenschutzbeh\u00f6rde beschweren.\n<\/p>\n<p>\n    <strong>Kontakt f\u00fcr Datenschutzanfragen:<\/strong><br \/>\n    Dr. Mindaugas Ziurlys<br \/>\n    E-Mail: <a href=\"mailto:ordination@radiologie-hermagor.at\">ordination@radiologie-hermagor.at<\/a>\n<\/p>\n<p>\n    <strong>\u00d6sterreichische Datenschutzbeh\u00f6rde:<\/strong><br \/>\n    Barichgasse 40-42, 1030 Wien, <a href=\"mailto:dsb@dsb.gv.at\">dsb@dsb.gv.at<\/a>\n<\/p>\n<h3>8. Aktualisierung dieser Datenschutzerkl\u00e4rung<\/h3>\n<p>\n    Wir behalten uns vor, diese Datenschutzerkl\u00e4rung anzupassen, damit sie stets den aktuellen rechtlichen Anforderungen entspricht oder um \u00c4nderungen unserer Leistungen in der Datenschutzerkl\u00e4rung umzusetzen (z.B. bei Einf\u00fchrung neuer Services). F\u00fcr Ihren erneuten Besuch gilt dann die neue Datenschutzerkl\u00e4rung.\n<\/p>\n<\/div>\n<\/div>\n<div id=\"sp-jknss8\" data-mobile-css=\"#sp-jknss8|height:40px;\" data-tablet-css=\"#sp-jknss8|height:10px;\" class=\"sp-spacer\" style=\"height: 39px;\"><\/div>\n<div id=\"sp-d4et4f\" data-mobile-css=\"#sp-d4et4f|height:40px;\" data-tablet-css=\"#sp-d4et4f|height:10px;\" class=\"sp-spacer\" style=\"height: 60px;\"><\/div>\n<div id=\"sp-qkrns1\" data-mobile-css=\"#sp-qkrns1|height:40px;\" data-tablet-css=\"#sp-qkrns1|height:10px;\" class=\"sp-spacer\" style=\"height: 12px;\"><\/div>\n<\/div>\n<\/div>\n<\/section>\n<\/div>\n","protected":false},"excerpt":{"rendered":"<p>Datenschutzerkl\u00e4rung 1. F\u00fcr den Inhalt verantwortlich (Verantwortlicher) Dr. Mindaugas Ziurlys G\u00f6sseringl\u00e4nde 7 9629 Hermagor Tel.: +43 4282 25210 Fax: +43 4282 252105 E-Mail: ordination@radiologie-hermagor.at Homepage: www.radiologie-hermagor.at Mitglied der \u00c4rztekammer f\u00fcr K\u00e4rnten Berufsbezeichnung: Facharzt f\u00fcr Radiologie (verliehen in \u00d6sterreich) T\u00e4tigkeit unterliegt dem \u00c4rztegesetz 1998 (siehe www.ris.bka.gv.at\/bundesrecht) 2. Allgemeines zur Datenverarbeitung Der Schutz Ihrer pers\u00f6nlichen Daten ist [&hellip;]<\/p>\n","protected":false},"author":1,"featured_media":0,"parent":0,"menu_order":0,"comment_status":"closed","ping_status":"closed","template":"","meta":{"footnotes":""},"class_list":["post-496","page","type-page","status-publish","hentry"],"_links":{"self":[{"href":"https:\/\/radiologie-hermagor.at\/index.php?rest_route=\/wp\/v2\/pages\/496","targetHints":{"allow":["GET"]}}],"collection":[{"href":"https:\/\/radiologie-hermagor.at\/index.php?rest_route=\/wp\/v2\/pages"}],"about":[{"href":"https:\/\/radiologie-hermagor.at\/index.php?rest_route=\/wp\/v2\/types\/page"}],"author":[{"embeddable":true,"href":"https:\/\/radiologie-hermagor.at\/index.php?rest_route=\/wp\/v2\/users\/1"}],"replies":[{"embeddable":true,"href":"https:\/\/radiologie-hermagor.at\/index.php?rest_route=%2Fwp%2Fv2%2Fcomments&post=496"}],"version-history":[{"count":2,"href":"https:\/\/radiologie-hermagor.at\/index.php?rest_route=\/wp\/v2\/pages\/496\/revisions"}],"predecessor-version":[{"id":500,"href":"https:\/\/radiologie-hermagor.at\/index.php?rest_route=\/wp\/v2\/pages\/496\/revisions\/500"}],"wp:attachment":[{"href":"https:\/\/radiologie-hermagor.at\/index.php?rest_route=%2Fwp%2Fv2%2Fmedia&parent=496"}],"curies":[{"name":"wp","href":"https:\/\/api.w.org\/{rel}","templated":true}]}}